{"id":8,"date":"2014-11-10T12:53:34","date_gmt":"2014-11-10T12:53:34","guid":{"rendered":"http:\/\/www.anasacjardin.cl\/profesionales\/?page_id=8"},"modified":"2022-08-04T15:26:37","modified_gmt":"2022-08-04T19:26:37","slug":"club-de-jardineros","status":"publish","type":"page","link":"https:\/\/anasacjardin.cl\/profesionales\/club-de-jardineros\/","title":{"rendered":"Club del jardinero"},"content":{"rendered":"<h1 class=\"color-azul\">Si eres Jardinero y Realizas esta Actividad como Actividad principal, te Invitamos a ser parte del Club del Jardinero.<\/h1>\n<h2>\u00bfQu\u00e9 requisitos debes cumplir?<\/h2>\n<ul>\n<li><img loading=\"lazy\" decoding=\"async\" class=\"alignnone size-full wp-image-64\" src=\"http:\/\/www.anasacjardin.cl\/profesionales\/wp-content\/uploads\/2014\/11\/bulet04.jpg\" alt=\"bulet04\" width=\"7\" height=\"7\" \/>Desarrollar la labor de jardinero como actividad principal y mantener compras permanentes en nuestros locales Anasac Jard\u00edn.<\/li>\n<li><img loading=\"lazy\" decoding=\"async\" class=\"alignnone size-full wp-image-64\" src=\"http:\/\/www.anasacjardin.cl\/profesionales\/wp-content\/uploads\/2014\/11\/bulet04.jpg\" alt=\"bulet04\" width=\"7\" height=\"7\" \/> Como nuestra comunicaci\u00f3n con nuestros socios es a trav\u00e9s de mail o celular, es necesario que tengas uno de los 2.<\/li>\n<\/ul>\n<h2>\u00bfQu\u00e9 te ofrecemos?<\/h2>\n<ul>\n<li><img loading=\"lazy\" decoding=\"async\" class=\"alignnone size-full wp-image-64\" src=\"http:\/\/www.anasacjardin.cl\/profesionales\/wp-content\/uploads\/2014\/11\/bulet04.jpg\" alt=\"bulet04\" width=\"7\" height=\"7\" \/>Descuentos exclusivos en productos de jardiner\u00eda en tiendas Anasac Jard\u00edn.<\/li>\n<li><img loading=\"lazy\" decoding=\"async\" class=\"alignnone size-full wp-image-64\" src=\"http:\/\/www.anasacjardin.cl\/profesionales\/wp-content\/uploads\/2014\/11\/bulet04.jpg\" alt=\"bulet04\" width=\"7\" height=\"7\" \/>Asesor\u00eda t\u00e9cnica gratuita para el desarrollo de tus proyectos en tiendas Anasac Jard\u00edn.<\/li>\n<li><img loading=\"lazy\" decoding=\"async\" class=\"alignnone size-full wp-image-64\" src=\"http:\/\/www.anasacjardin.cl\/profesionales\/wp-content\/uploads\/2014\/11\/bulet04.jpg\" alt=\"bulet04\" width=\"7\" height=\"7\" \/>Charlas Exclusivas para nuestros socios del Club del Jardinero.<\/li>\n<\/ul>\n","protected":false},"excerpt":{"rendered":"<p>Si eres Jardinero y Realizas esta Actividad como Actividad principal, te Invitamos a ser parte del Club del Jardinero. \u00bfQu\u00e9 requisitos debes cumplir? Desarrollar la labor de jardinero como actividad principal y mantener compras permanentes en nuestros locales Anasac Jard\u00edn. Como nuestra comunicaci\u00f3n con nuestros socios es a trav\u00e9s de mail o celular, es necesario [&hellip;]<\/p>\n","protected":false},"author":1,"featured_media":0,"parent":0,"menu_order":0,"comment_status":"open","ping_status":"closed","template":"","meta":{"footnotes":""},"class_list":["post-8","page","type-page","status-publish","hentry"],"acf":[],"aioseo_notices":[],"_links":{"self":[{"href":"https:\/\/anasacjardin.cl\/profesionales\/wp-json\/wp\/v2\/pages\/8","targetHints":{"allow":["GET"]}}],"collection":[{"href":"https:\/\/anasacjardin.cl\/profesionales\/wp-json\/wp\/v2\/pages"}],"about":[{"href":"https:\/\/anasacjardin.cl\/profesionales\/wp-json\/wp\/v2\/types\/page"}],"author":[{"embeddable":true,"href":"https:\/\/anasacjardin.cl\/profesionales\/wp-json\/wp\/v2\/users\/1"}],"replies":[{"embeddable":true,"href":"https:\/\/anasacjardin.cl\/profesionales\/wp-json\/wp\/v2\/comments?post=8"}],"version-history":[{"count":16,"href":"https:\/\/anasacjardin.cl\/profesionales\/wp-json\/wp\/v2\/pages\/8\/revisions"}],"predecessor-version":[{"id":2420,"href":"https:\/\/anasacjardin.cl\/profesionales\/wp-json\/wp\/v2\/pages\/8\/revisions\/2420"}],"wp:attachment":[{"href":"https:\/\/anasacjardin.cl\/profesionales\/wp-json\/wp\/v2\/media?parent=8"}],"curies":[{"name":"wp","href":"https:\/\/api.w.org\/{rel}","templated":true}]}}