{"id":6,"date":"2014-11-10T12:53:23","date_gmt":"2014-11-10T12:53:23","guid":{"rendered":"http:\/\/www.anasacjardin.cl\/profesionales\/?page_id=6"},"modified":"2022-08-04T14:59:35","modified_gmt":"2022-08-04T18:59:35","slug":"circulo-de-paisajistas","status":"publish","type":"page","link":"https:\/\/anasacjardin.cl\/profesionales\/circulo-de-paisajistas\/","title":{"rendered":"C\u00edrculo de paisajismo"},"content":{"rendered":"<h1 class=\"color-verde\">Si eres profesional del jard\u00edn y \u00e1reas verdes, te invitamos a ser parte de nuestro C\u00edrculo de Paisajistas.<\/h1>\n<h2>\u00bfQu\u00e9 requisitos debes cumplir?<\/h2>\n<p>Ser profesional del paisaje, con alguna formaci\u00f3n t\u00e9cnico-profesional y que desarrolles activamente tu profesi\u00f3n vinculada al dise\u00f1o de \u00e1reas verdes<\/p>\n<h2>\u00bfQu\u00e9 te ofrecemos?<\/h2>\n<ul>\n<li><img loading=\"lazy\" decoding=\"async\" class=\"alignnone size-full wp-image-61\" src=\"http:\/\/www.anasacjardin.cl\/profesionales\/wp-content\/uploads\/2014\/11\/bulet03.jpg\" alt=\"bulet03\" width=\"7\" height=\"7\" \/>Descuentos exclusivos en productos de jardiner\u00eda en tiendas Anasac Jard\u00edn.<\/li>\n<li><img loading=\"lazy\" decoding=\"async\" class=\"alignnone size-full wp-image-61\" src=\"http:\/\/www.anasacjardin.cl\/profesionales\/wp-content\/uploads\/2014\/11\/bulet03.jpg\" alt=\"bulet03\" width=\"7\" height=\"7\" \/>Charlas exclusivas para nuestros socios paisajistas.<\/li>\n<li><img loading=\"lazy\" decoding=\"async\" class=\"alignnone size-full wp-image-61\" src=\"http:\/\/www.anasacjardin.cl\/profesionales\/wp-content\/uploads\/2014\/11\/bulet03.jpg\" alt=\"bulet03\" width=\"7\" height=\"7\" \/>Relaci\u00f3n entre pares.<\/li>\n<li><img loading=\"lazy\" decoding=\"async\" class=\"alignnone size-full wp-image-61\" src=\"http:\/\/www.anasacjardin.cl\/profesionales\/wp-content\/uploads\/2014\/11\/bulet03.jpg\" alt=\"bulet03\" width=\"7\" height=\"7\" \/>Informaci\u00f3n permanente durante el a\u00f1o de novedades, eventos y seminarios del rubro.<\/li>\n<\/ul>\n","protected":false},"excerpt":{"rendered":"<p>Si eres profesional del jard\u00edn y \u00e1reas verdes, te invitamos a ser parte de nuestro C\u00edrculo de Paisajistas. \u00bfQu\u00e9 requisitos debes cumplir? Ser profesional del paisaje, con alguna formaci\u00f3n t\u00e9cnico-profesional y que desarrolles activamente tu profesi\u00f3n vinculada al dise\u00f1o de \u00e1reas verdes \u00bfQu\u00e9 te ofrecemos? Descuentos exclusivos en productos de jardiner\u00eda en tiendas Anasac Jard\u00edn. [&hellip;]<\/p>\n","protected":false},"author":1,"featured_media":0,"parent":0,"menu_order":0,"comment_status":"open","ping_status":"closed","template":"","meta":{"footnotes":""},"class_list":["post-6","page","type-page","status-publish","hentry"],"acf":[],"aioseo_notices":[],"_links":{"self":[{"href":"https:\/\/anasacjardin.cl\/profesionales\/wp-json\/wp\/v2\/pages\/6","targetHints":{"allow":["GET"]}}],"collection":[{"href":"https:\/\/anasacjardin.cl\/profesionales\/wp-json\/wp\/v2\/pages"}],"about":[{"href":"https:\/\/anasacjardin.cl\/profesionales\/wp-json\/wp\/v2\/types\/page"}],"author":[{"embeddable":true,"href":"https:\/\/anasacjardin.cl\/profesionales\/wp-json\/wp\/v2\/users\/1"}],"replies":[{"embeddable":true,"href":"https:\/\/anasacjardin.cl\/profesionales\/wp-json\/wp\/v2\/comments?post=6"}],"version-history":[{"count":14,"href":"https:\/\/anasacjardin.cl\/profesionales\/wp-json\/wp\/v2\/pages\/6\/revisions"}],"predecessor-version":[{"id":2413,"href":"https:\/\/anasacjardin.cl\/profesionales\/wp-json\/wp\/v2\/pages\/6\/revisions\/2413"}],"wp:attachment":[{"href":"https:\/\/anasacjardin.cl\/profesionales\/wp-json\/wp\/v2\/media?parent=6"}],"curies":[{"name":"wp","href":"https:\/\/api.w.org\/{rel}","templated":true}]}}